{"id":909,"date":"2015-11-24T21:47:14","date_gmt":"2015-11-25T03:47:14","guid":{"rendered":"http:\/\/www.ibgs.com.mx\/site\/?page_id=909"},"modified":"2025-08-07T22:54:18","modified_gmt":"2025-08-08T03:54:18","slug":"aviso-de-privacidad","status":"publish","type":"page","link":"https:\/\/www.ibgs.com.mx\/site\/aviso-de-privacidad\/","title":{"rendered":"Aviso de Privacidad"},"content":{"rendered":"<p>De conformidad con lo establecido en la Ley Federal de Protecci\u00f3n de Datos Personales en Posesi\u00f3n de los Particulares le informamos que la Iglesia B\u00edblica Gracia Soberana (en lo sucesivo El Responsable), con domicilio en calle Shindo # 2A, Col. Parque Metropolitano, Corregidora, Quer\u00e9taro CP 76904 y con correo electr\u00f3nico rodysan1@gmail.com, tratar\u00e1 los datos personales que recabe de usted con la finalidad de brindarle diversos servicios como:<\/p>\n<ul>\n<li>Mantenerle informado de las diferentes actividades de la iglesia.<\/li>\n<li>Darle a conocer los diferentes ministerios que realizamos.<\/li>\n<li>Poner a su disposici\u00f3n en nuestro sitio de internet material para estudio b\u00edblico.<\/li>\n<\/ul>\n<p>Para las finalidades se\u00f1aladas en el presente aviso de privacidad, podemos recabar sus datos personales de distintas formas: cuando usted nos los proporcione directamente de manera verbal o por escrito; cuando visite nuestro sitio de internet; y a trav\u00e9s de otras fuentes que est\u00e1n permitidas por la ley.<br \/>\nA continuaci\u00f3n se dan a conocer los datos personales que se solicitan:<\/p>\n<ul>\n<li>Nombre, apellido paterno y materno o raz\u00f3n social<\/li>\n<li>Fecha de nacimiento<\/li>\n<li>Correo electr\u00f3nico<\/li>\n<li>Domicilio (calle, n\u00famero exterior e interior, colonia, municipio\/delegaci\u00f3n, estado, c\u00f3digo postal, pa\u00eds)<\/li>\n<li>N\u00famero telef\u00f3nico (hogar, oficina y celular)<\/li>\n<li>Nombre del c\u00f3nyuge<\/li>\n<li>Nombre de sus hijos<\/li>\n<li>Fecha de conversi\u00f3n al cristianismo<\/li>\n<\/ul>\n<p>En todo momento usted podr\u00e1 revocar el consentimiento que nos ha otorgado para el tratamiento de sus datos personales, a fin de que dejemos de hacer uso de los mismos. Para ello, El Responsable ha designado a un encargado de datos personales, (el \u201cOficial de Privacidad\u201d), por lo tanto usted podr\u00e1 limitar el uso o divulgaci\u00f3n de sus datos personales mediante comunicaci\u00f3n dirigida al Oficial de Privacidad al correo electr\u00f3nico siguiente: rodysan1@gmail.com.<\/p>\n<p>El Titular tendr\u00e1 derecho a: (i) acceder a sus datos personales en nuestro poder, (ii) rectificarlos en caso de ser inexactos o incompletos, (iii) cancelarlos cuando considere que no se requieren para alguna de las finalidades se\u00f1aladas en el presente aviso de privacidad, est\u00e9n siendo utilizados para finalidades no consentidas o haya finalizado la relaci\u00f3n con El Responsable, o (iv) oponerse al tratamiento de los mismos para fines espec\u00edficos, seg\u00fan lo diga la ley, (conjuntamente, los \u201cDerechos ARCO\u201d).<br \/>\nPara revocar su consentimiento para el tratamiento de sus datos personales por El Responsable y el ejercicio de sus Derechos ARCO, deber\u00e1 presentar una solicitud para tal efecto, la cual deber\u00e1 enviar al Oficial de Privacidad del Responsable, a la Direcci\u00f3n de Contacto, acompa\u00f1ada de la siguiente informaci\u00f3n y documentaci\u00f3n:<\/p>\n<p style=\"padding-left: 40px;\">\nI.\u00a0 Su nombre, domicilio y correo electr\u00f3nico para poder comunicarle la respuesta a la Solicitud ARCO;<\/p>\n<p style=\"padding-left: 40px;\">II. Los documentos que acrediten su identidad (copia de IFE, pasaporte o cualquier otra identificaci\u00f3n oficial) o en su caso, los documentos que acrediten su representaci\u00f3n legal;<br \/>\nIII. Una descripci\u00f3n clara y precisa de los datos personales respecto de los cuales busca ejercer alguno de los Derechos ARCO;<br \/>\nIV. Cualquier documento o informaci\u00f3n que facilite la localizaci\u00f3n de sus datos personales;<br \/>\nV. En caso de solicitar una rectificaci\u00f3n de datos, deber\u00e1 de indicar tambi\u00e9n, las modificaciones a realizarse y aportar la documentaci\u00f3n que sustente su petici\u00f3n, y;<br \/>\nVI. La indicaci\u00f3n del lugar donde El Responsable podr\u00e1 revisar los originales de la documentaci\u00f3n que acompa\u00f1e.<\/p>\n<p>El Oficial de Privacidad responder\u00e1 su Solicitud ARCO y los motivos de su decisi\u00f3n mediante un correo electr\u00f3nico en un plazo m\u00e1ximo de 20 d\u00edas h\u00e1biles contados desde el d\u00eda en que se haya recibido su Solicitud de ejercicio de derechos ARCO. En caso de que la Solicitud de ejercicio de derechos ARCO se conteste de manera afirmativa o procedente, los cambios solicitados se har\u00e1n en un plazo m\u00e1ximo de 15 d\u00edas h\u00e1biles. Los plazos referidos en este p\u00e1rrafo se podr\u00e1n prorrogar por una sola vez por un per\u00edodo igual en caso de ser necesario.<br \/>\nEl Responsable podr\u00e1 negar el acceso (la \u201cNegativa\u201d) para que Usted ejerza sus Derechos ARCO en los siguientes supuestos:<\/p>\n<p style=\"padding-left: 40px;\">I. Cuando Usted no sea el titular de los datos personales, o no pueda acreditar la representaci\u00f3n del titular;<br \/>\nII. Cuando sus datos personales no obren en la base de datos del Responsable.<br \/>\nIII. Cuando se lesionen los derechos de un tercero;<br \/>\nIV. Cuando exista un impedimento legal o la resoluci\u00f3n de una autoridad competente, que restrinja sus Derechos ARCO, y;<br \/>\nV. Cuando la rectificaci\u00f3n, cancelaci\u00f3n y oposici\u00f3n haya sido previamente realizada.<\/p>\n<p>La Negativa podr\u00e1 ser parcial, en cuyo caso el Responsable efectuar\u00e1 el acceso, rectificaci\u00f3n, cancelaci\u00f3n u oposici\u00f3n en la parte procedente.<\/p>\n<p>El ejercicio de los Derechos ARCO ser\u00e1 gratuito, pero usted deber\u00e1 cubrir los gastos justificados de env\u00edo o el costo de reproducci\u00f3n en copias u otros formatos.<\/p>\n<p>Le informamos que sus datos personales podr\u00e1n ser transferidos dentro y fuera del pa\u00eds, a terceros distintos del Responsable en forma congruente con la finalidad del tratamiento de los datos y la naturaleza jur\u00eddica de la relaci\u00f3n entre Usted y el Responsable. Por ejemplo, el Responsable podr\u00e1 transferir sus datos a otras compa\u00f1\u00edas o sociedades y asociaciones dentro y fuera del ramo. Adicionalmente, el Responsable podr\u00e1 transferir sus datos personales a personas afiliadas del Responsable para fines de mercadotecnia, imagen corporativa y de servicios.<\/p>\n<p>Si usted no manifiesta su oposici\u00f3n para que sus datos personales sean transferidos, se entender\u00e1 que ha otorgado su consentimiento para ello.<\/p>\n<p>El Titular puede dejar de recibir correos electr\u00f3nicos a trav\u00e9s de una solicitud al correo electr\u00f3nico del Oficial de Privacidad.<br \/>\nNos reservamos el derecho de efectuar en cualquier momento modificaciones o actualizaciones al presente aviso de privacidad, para la atenci\u00f3n de novedades legislativas o jurisprudenciales, pol\u00edticas internas, nuevos requerimientos para la prestaci\u00f3n u ofrecimiento de nuestros servicios o productos y pr\u00e1cticas del mercado.<\/p>\n<p>Estas modificaciones estar\u00e1n disponibles al p\u00fablico a trav\u00e9s de nuestro sitio web: www.ibgs.com.mx.<\/p>\n<p>La fecha de la \u00faltima actualizaci\u00f3n al presente aviso de privacidad: 18 de julio del 2025.<\/p>\n","protected":false},"excerpt":{"rendered":"<p>De conformidad con lo establecido en la Ley Federal de Protecci\u00f3n de Datos Personales en Posesi\u00f3n de los Particulares le informamos que la Iglesia B\u00edblica Gracia Soberana (en lo sucesivo El Responsable), con domicilio en calle Shindo # 2A, Col. Parque Metropolitano, Corregidora, Quer\u00e9taro CP 76904 y con correo electr\u00f3nico rodysan1@gmail.com, tratar\u00e1 los datos personales [&hellip;]<\/p>\n","protected":false},"author":1,"featured_media":0,"parent":0,"menu_order":0,"comment_status":"closed","ping_status":"closed","template":"","meta":[],"_links":{"self":[{"href":"https:\/\/www.ibgs.com.mx\/site\/wp-json\/wp\/v2\/pages\/909"}],"collection":[{"href":"https:\/\/www.ibgs.com.mx\/site\/wp-json\/wp\/v2\/pages"}],"about":[{"href":"https:\/\/www.ibgs.com.mx\/site\/wp-json\/wp\/v2\/types\/page"}],"author":[{"embeddable":true,"href":"https:\/\/www.ibgs.com.mx\/site\/wp-json\/wp\/v2\/users\/1"}],"replies":[{"embeddable":true,"href":"https:\/\/www.ibgs.com.mx\/site\/wp-json\/wp\/v2\/comments?post=909"}],"version-history":[{"count":4,"href":"https:\/\/www.ibgs.com.mx\/site\/wp-json\/wp\/v2\/pages\/909\/revisions"}],"predecessor-version":[{"id":2444,"href":"https:\/\/www.ibgs.com.mx\/site\/wp-json\/wp\/v2\/pages\/909\/revisions\/2444"}],"wp:attachment":[{"href":"https:\/\/www.ibgs.com.mx\/site\/wp-json\/wp\/v2\/media?parent=909"}],"curies":[{"name":"wp","href":"https:\/\/api.w.org\/{rel}","templated":true}]}}