{"id":491,"date":"2015-07-09T23:41:00","date_gmt":"2015-07-10T04:41:00","guid":{"rendered":"http:\/\/www.ibgs.com.mx\/site\/?page_id=491"},"modified":"2021-12-17T16:27:58","modified_gmt":"2021-12-17T22:27:58","slug":"nuestros-pastores","status":"publish","type":"page","link":"https:\/\/www.ibgs.com.mx\/site\/quienes-somos\/nuestros-pastores\/","title":{"rendered":"Nuestros Pastores"},"content":{"rendered":"<hr \/>\n<div class=\"col-md-6\"><img loading=\"lazy\" class=\"alignnone size-medium wp-image-532\" src=\"http:\/\/www.ibgs.com.mx\/site\/wp-content\/uploads\/2015\/07\/1231696_10152051150628214_1733244247_n-300x225.jpg\" alt=\"\" width=\"300\" height=\"225\" srcset=\"https:\/\/www.ibgs.com.mx\/site\/wp-content\/uploads\/2015\/07\/1231696_10152051150628214_1733244247_n-300x225.jpg 300w, https:\/\/www.ibgs.com.mx\/site\/wp-content\/uploads\/2015\/07\/1231696_10152051150628214_1733244247_n.jpg 960w\" sizes=\"(max-width: 300px) 100vw, 300px\" \/><\/div>\n<div class=\"col-md-6\">\n<div style=\"margin-top: 90px;\">\n<p><!-- Es la mitad del height de la foto, menos la mitad del texto (aprox) --><\/p>\n<h1>Leopoldo Hinojosa<\/h1>\n<p><em>Pastor de\u00a0tiempo completo<\/em><\/p>\n<\/div>\n<\/div>\n<div class=\"clearfix\"><\/div>\n<hr \/>\n<p>Naci\u00f3 y creci\u00f3 en la ciudad de M\u00e9xico. Casado con Margarita. Sus hijos son Rodrigo y Santiago. Se convirti\u00f3 al Se\u00f1or Jesucristo a la edad de 20 a\u00f1os mientras cursaba la carrera de ingenier\u00eda civil. A partir de ese momento Dios comenz\u00f3 a transformar su vida gui\u00e1ndolo a prepararse para ense\u00f1ar y predicar la Palabra de Dios. A partir de 1998 comenz\u00f3 a servir al Se\u00f1or como pastor de tiempo completo.<\/p>\n<p>Dentro de la Iglesia B\u00edblica Gracia Soberana est\u00e1 encargado de supervisar:<\/p>\n<ul>\n<li>Servicio dominical de adoraci\u00f3n<\/li>\n<li>Tesorer\u00eda<\/li>\n<li>Grupos de servicio<\/li>\n<li>Grupo de alabanza<\/li>\n<li>Biblioteca y videoteca<\/li>\n<li>Cunero<\/li>\n<li>Ministerio de varones<\/li>\n<li>Ministerio de mujeres<\/li>\n<li>Relaciones externas<\/li>\n<li>Edificio<\/li>\n<\/ul>\n<hr \/>\n<div class=\"col-md-6\"><img loading=\"lazy\" class=\"alignnone size-medium wp-image-534\" src=\"http:\/\/www.ibgs.com.mx\/site\/wp-content\/uploads\/2015\/07\/1459942_10151813377093214_1699824558_n1-300x225.jpg\" alt=\"1459942_10151813377093214_1699824558_n\" width=\"300\" height=\"225\" srcset=\"https:\/\/www.ibgs.com.mx\/site\/wp-content\/uploads\/2015\/07\/1459942_10151813377093214_1699824558_n1-300x225.jpg 300w, https:\/\/www.ibgs.com.mx\/site\/wp-content\/uploads\/2015\/07\/1459942_10151813377093214_1699824558_n1.jpg 750w\" sizes=\"(max-width: 300px) 100vw, 300px\" \/><\/div>\n<div class=\"col-md-6\">\n<div style=\"margin-top: 90px;\">\n<p><!-- Es la mitad del height de la foto, menos la mitad del texto (aprox) --><\/p>\n<h1>Ra\u00fal Cruz<\/h1>\n<p><em>Pastor de Predicaci\u00f3n<\/em><\/p>\n<\/div>\n<\/div>\n<div class=\"clearfix\"><\/div>\n<hr \/>\n<p>Naci\u00f3 el 4 de noviembre de 1962 en la ciudad de M\u00e9xico donde vivi\u00f3 hasta 1993. Casado con Andrea desde junio de 1988. Sus hijos son Ra\u00fal y Andrea. Estudi\u00f3 Contadur\u00eda P\u00fablica en la UIA y diplomado en Historia por la UAQ.<\/p>\n<p>Se convirti\u00f3 al Se\u00f1or Jesucristo a la edad de 23 a\u00f1os en 1986 en la Iglesia Vida Nueva para M\u00e9xico, y a partir de ese momento Dios lo llam\u00f3 a servir en diferentes ministerios en la iglesia, desde cuidar ba\u00f1os, recibir a la gente, como di\u00e1cono y predicador.<\/p>\n<p>En 1994 llega a vivir a Quer\u00e9taro y en 1995 se integra a la que ahora se llama Iglesia B\u00edblica Gracia Soberana.<\/p>\n<p>Es pastor en la Iglesia B\u00edblica Gracia Soberana desde el a\u00f1o 2000, donde funge como:<\/p>\n<ul>\n<li dir=\"ltr\">Pastor de Predicaci\u00f3n<\/li>\n<li>Comit\u00e9 de bienvenida<\/li>\n<li>P\u00e1gina Web<\/li>\n<li>Curso de consejer\u00eda<\/li>\n<\/ul>\n<p>Experiencia:<\/p>\n<ul>\n<li class=\"\">Curso de Homil\u00e9tica en 1992<\/li>\n<li class=\"\">Graduado del Seminario de Teolog\u00eda del CCBP.<\/li>\n<li class=\"\">Curso de Consejer\u00eda en Lafayette, Indiana. M\u00f3dulo 1 y ya inscrito para el siguiente m\u00f3dulo.<\/li>\n<\/ul>\n<hr \/>\n<div class=\"col-md-6\">\n<p><a href=\"https:\/\/www.ibgs.com.mx\/site\/wp-content\/uploads\/2019\/08\/DSC05969-01-1-e1566701466940.jpeg\"><img loading=\"lazy\" class=\"wp-image-1466 \" src=\"https:\/\/www.ibgs.com.mx\/site\/wp-content\/uploads\/2019\/08\/DSC05969-01-1-e1566701466940.jpeg\" alt=\"\" width=\"212\" height=\"253\" srcset=\"https:\/\/www.ibgs.com.mx\/site\/wp-content\/uploads\/2019\/08\/DSC05969-01-1-e1566701466940.jpeg 608w, https:\/\/www.ibgs.com.mx\/site\/wp-content\/uploads\/2019\/08\/DSC05969-01-1-e1566701466940-251x300.jpeg 251w, https:\/\/www.ibgs.com.mx\/site\/wp-content\/uploads\/2019\/08\/DSC05969-01-1-e1566701466940-150x179.jpeg 150w, https:\/\/www.ibgs.com.mx\/site\/wp-content\/uploads\/2019\/08\/DSC05969-01-1-e1566701466940-418x500.jpeg 418w\" sizes=\"(max-width: 212px) 100vw, 212px\" \/><\/a><\/p>\n<\/div>\n<div class=\"col-md-6\">\n<div style=\"margin-top: 90px;\">\n<h1><\/h1>\n<h1><\/h1>\n<h1>F\u00e9lix Vargas<\/h1>\n<p><em>Pastor de Oraci\u00f3n, Ense\u00f1anza y Ni\u00f1os<\/em><\/p>\n<\/div>\n<\/div>\n<div class=\"clearfix\"><\/div>\n<hr \/>\n<p>Naci\u00f3 en la Ciudad de Quer\u00e9taro en 1972, conoci\u00f3 del Se\u00f1or Jesucristo en 1983. Ha estado casado con Mirna desde 2002 y tienen dos hijos, El\u00edas y Hadassah. Estudi\u00f3 la carrera de Ingeniero Mec\u00e1nico Administrador en el ITESM.<br \/>\nSirve como pastor en la Iglesia B\u00edblica Gracia Soberana desde 2004. Est\u00e1 encargado del Ministerio de Ense\u00f1anza, del Ministerio de Ni\u00f1os y Ministerio de Oraci\u00f3n. Apasionado por la Gloria de Dios.<\/p>\n<hr \/>\n","protected":false},"excerpt":{"rendered":"<p>Leopoldo Hinojosa Pastor de\u00a0tiempo completo Naci\u00f3 y creci\u00f3 en la ciudad de M\u00e9xico. Casado con Margarita. Sus hijos son Rodrigo y Santiago. Se convirti\u00f3 al Se\u00f1or Jesucristo a la edad de 20 a\u00f1os mientras cursaba la carrera de ingenier\u00eda civil. A partir de ese momento Dios comenz\u00f3 a transformar su vida gui\u00e1ndolo a prepararse para [&hellip;]<\/p>\n","protected":false},"author":1,"featured_media":0,"parent":18,"menu_order":0,"comment_status":"closed","ping_status":"open","template":"","meta":[],"_links":{"self":[{"href":"https:\/\/www.ibgs.com.mx\/site\/wp-json\/wp\/v2\/pages\/491"}],"collection":[{"href":"https:\/\/www.ibgs.com.mx\/site\/wp-json\/wp\/v2\/pages"}],"about":[{"href":"https:\/\/www.ibgs.com.mx\/site\/wp-json\/wp\/v2\/types\/page"}],"author":[{"embeddable":true,"href":"https:\/\/www.ibgs.com.mx\/site\/wp-json\/wp\/v2\/users\/1"}],"replies":[{"embeddable":true,"href":"https:\/\/www.ibgs.com.mx\/site\/wp-json\/wp\/v2\/comments?post=491"}],"version-history":[{"count":25,"href":"https:\/\/www.ibgs.com.mx\/site\/wp-json\/wp\/v2\/pages\/491\/revisions"}],"predecessor-version":[{"id":1844,"href":"https:\/\/www.ibgs.com.mx\/site\/wp-json\/wp\/v2\/pages\/491\/revisions\/1844"}],"up":[{"embeddable":true,"href":"https:\/\/www.ibgs.com.mx\/site\/wp-json\/wp\/v2\/pages\/18"}],"wp:attachment":[{"href":"https:\/\/www.ibgs.com.mx\/site\/wp-json\/wp\/v2\/media?parent=491"}],"curies":[{"name":"wp","href":"https:\/\/api.w.org\/{rel}","templated":true}]}}