{"id":489,"date":"2015-07-09T23:40:28","date_gmt":"2015-07-10T04:40:28","guid":{"rendered":"http:\/\/www.ibgs.com.mx\/site\/?page_id=489"},"modified":"2015-08-07T00:15:18","modified_gmt":"2015-08-07T05:15:18","slug":"ninos","status":"publish","type":"page","link":"https:\/\/www.ibgs.com.mx\/site\/ministerios\/ninos\/","title":{"rendered":"Ministerio de Ni\u00f1os"},"content":{"rendered":"<p dir=\"ltr\">En la Biblia, Dios claramente ha encargado a los padres la responsabilidad de educar a los ni\u00f1os en su Palabra. Nuestro objetivo en el <strong>Ministerio de Ni\u00f1os<\/strong> es ayudar a los padres en la gran responsabilidad de ense\u00f1arles a confiar en Dios y a guardar sus mandamientos.<\/p>\n<p dir=\"ltr\"><strong>Cada domingo a las 11:30<\/strong> tenemos estudios de teolog\u00eda para ni\u00f1os utilizando el material de <strong>Ni\u00f1os deseando a Dios<\/strong>. En donde los peque\u00f1os aprenden los atributos de nuestro gran Dios y a darle a<strong> \u00c9l la gloria<\/strong>. Despu\u00e9s de cada clase se estrega a los pap\u00e1s material para trabajar con sus hijos <strong>durante la semana<\/strong> para repasar y profundizar en la ense\u00f1anza que se vio en la lecci\u00f3n.<\/p>\n<p dir=\"ltr\">Contamos con <strong>dos grupos<\/strong>, uno de 3-5 a\u00f1os y otro de 6-9 a\u00f1os. El material que utilizamos est\u00e1 dise\u00f1ado para el grupo de edad correspondiente.<\/p>\n<p dir=\"ltr\">Los invitamos a participar en este hermoso ministerio de llevar la Palabra de Dios a las pr\u00f3ximas generaciones.<\/p>\n","protected":false},"excerpt":{"rendered":"<p>En la Biblia, Dios claramente ha encargado a los padres la responsabilidad de educar a los ni\u00f1os en su Palabra. Nuestro objetivo en el Ministerio de Ni\u00f1os es ayudar a los padres en la gran responsabilidad de ense\u00f1arles a confiar en Dios y a guardar sus mandamientos. Cada domingo a las 11:30 tenemos estudios de [&hellip;]<\/p>\n","protected":false},"author":1,"featured_media":840,"parent":52,"menu_order":0,"comment_status":"closed","ping_status":"open","template":"","meta":[],"_links":{"self":[{"href":"https:\/\/www.ibgs.com.mx\/site\/wp-json\/wp\/v2\/pages\/489"}],"collection":[{"href":"https:\/\/www.ibgs.com.mx\/site\/wp-json\/wp\/v2\/pages"}],"about":[{"href":"https:\/\/www.ibgs.com.mx\/site\/wp-json\/wp\/v2\/types\/page"}],"author":[{"embeddable":true,"href":"https:\/\/www.ibgs.com.mx\/site\/wp-json\/wp\/v2\/users\/1"}],"replies":[{"embeddable":true,"href":"https:\/\/www.ibgs.com.mx\/site\/wp-json\/wp\/v2\/comments?post=489"}],"version-history":[{"count":5,"href":"https:\/\/www.ibgs.com.mx\/site\/wp-json\/wp\/v2\/pages\/489\/revisions"}],"predecessor-version":[{"id":839,"href":"https:\/\/www.ibgs.com.mx\/site\/wp-json\/wp\/v2\/pages\/489\/revisions\/839"}],"up":[{"embeddable":true,"href":"https:\/\/www.ibgs.com.mx\/site\/wp-json\/wp\/v2\/pages\/52"}],"wp:featuredmedia":[{"embeddable":true,"href":"https:\/\/www.ibgs.com.mx\/site\/wp-json\/wp\/v2\/media\/840"}],"wp:attachment":[{"href":"https:\/\/www.ibgs.com.mx\/site\/wp-json\/wp\/v2\/media?parent=489"}],"curies":[{"name":"wp","href":"https:\/\/api.w.org\/{rel}","templated":true}]}}