{"id":482,"date":"2015-07-09T23:27:12","date_gmt":"2015-07-10T04:27:12","guid":{"rendered":"http:\/\/www.ibgs.com.mx\/site\/?page_id=482"},"modified":"2015-08-26T17:40:51","modified_gmt":"2015-08-26T22:40:51","slug":"varones","status":"publish","type":"page","link":"https:\/\/www.ibgs.com.mx\/site\/ministerios\/varones\/","title":{"rendered":"Ministerio de Varones"},"content":{"rendered":"<p>Cada mes, tenemos una reuni\u00f3n de varones para forjar amistades, conocernos mejor, pasar un buen tiempo de sano compa\u00f1erismo y reflexionar sobre alguna ense\u00f1anza b\u00edblica.<\/p>\n<p>Nuestra intenci\u00f3n es que Cristo sea el centro de nuestra amistad y compa\u00f1erismo. \u00a1Eres bienvenido!<\/p>\n","protected":false},"excerpt":{"rendered":"<p>Cada mes, tenemos una reuni\u00f3n de varones para forjar amistades, conocernos mejor, pasar un buen tiempo de sano compa\u00f1erismo y reflexionar sobre alguna ense\u00f1anza b\u00edblica. Nuestra intenci\u00f3n es que Cristo sea el centro de nuestra amistad y compa\u00f1erismo. \u00a1Eres bienvenido!<\/p>\n","protected":false},"author":1,"featured_media":0,"parent":52,"menu_order":0,"comment_status":"closed","ping_status":"open","template":"","meta":[],"_links":{"self":[{"href":"https:\/\/www.ibgs.com.mx\/site\/wp-json\/wp\/v2\/pages\/482"}],"collection":[{"href":"https:\/\/www.ibgs.com.mx\/site\/wp-json\/wp\/v2\/pages"}],"about":[{"href":"https:\/\/www.ibgs.com.mx\/site\/wp-json\/wp\/v2\/types\/page"}],"author":[{"embeddable":true,"href":"https:\/\/www.ibgs.com.mx\/site\/wp-json\/wp\/v2\/users\/1"}],"replies":[{"embeddable":true,"href":"https:\/\/www.ibgs.com.mx\/site\/wp-json\/wp\/v2\/comments?post=482"}],"version-history":[{"count":3,"href":"https:\/\/www.ibgs.com.mx\/site\/wp-json\/wp\/v2\/pages\/482\/revisions"}],"predecessor-version":[{"id":875,"href":"https:\/\/www.ibgs.com.mx\/site\/wp-json\/wp\/v2\/pages\/482\/revisions\/875"}],"up":[{"embeddable":true,"href":"https:\/\/www.ibgs.com.mx\/site\/wp-json\/wp\/v2\/pages\/52"}],"wp:attachment":[{"href":"https:\/\/www.ibgs.com.mx\/site\/wp-json\/wp\/v2\/media?parent=482"}],"curies":[{"name":"wp","href":"https:\/\/api.w.org\/{rel}","templated":true}]}}