{"id":35,"date":"2015-04-18T18:45:42","date_gmt":"2015-04-18T23:45:42","guid":{"rendered":"http:\/\/www.ibgs.com.mx\/site\/?page_id=35"},"modified":"2020-10-15T15:32:33","modified_gmt":"2020-10-15T20:32:33","slug":"declaracion-de-fe","status":"publish","type":"page","link":"https:\/\/www.ibgs.com.mx\/site\/quienes-somos\/declaracion-de-fe\/","title":{"rendered":"Declaraci\u00f3n de Fe"},"content":{"rendered":"<div class=\"itemFullText\">\n<h1><\/h1>\n<h3>LAS ESCRITURAS.<\/h3>\n<p>Creemos que las Santas Escrituras del Antiguo y Nuevo Testamentos son la Palabra de Dios y verbalmente inspirada, sin error en los manuscritos originales y son la \u00fanica regla suficiente, segura y con autoridad que nos gu\u00eda al conocimiento salvador, fe y obediencia.<br \/>\n2 Timoteo 3:16,17; 2 Pedro 1:20, 21; Mateo 5:18; Juan 16:12,13<\/p>\n<h3>DIOS.<\/h3>\n<p>Creemos en un solo Dios, Creador, Preservador y Gobernante sobre todas las cosas, teniendo en y de \u00c9l mismo todas las perfecciones, y siendo infinito en todas ellas. A \u00c9l todas las criaturas le deben amor, reverencia y obediencia.<br \/>\nDeuteronomio 6:4; G\u00e9nesis 1:1; Isa\u00edas 45:18; 1 Timoteo 2:5; 6:14-16<\/p>\n<h3>LA TRINIDAD.<\/h3>\n<p>Creemos que hay un s\u00f3lo Dios verdadero, que existe eternamente en tres personas: el Padre, el Hijo y el Esp\u00edritu Santo; las cuales son iguales en toda perfecci\u00f3n divina, y que ejecutan distintos trabajos de forma armoniosa en la obra de la creaci\u00f3n, providencia y redenci\u00f3n.<br \/>\n2 Corintios 13:14; Mateo 28:19<\/p>\n<h3>LA PROVIDENCIA.<\/h3>\n<p>Creemos que Dios, desde la eternidad, decreta y permite todas las cosas que llegan a ser, y perpetuamente sostiene, dirige y gobierna todas las criaturas y todos los eventos, conforme a su presciencia infalible y al libre e inmutable consejo de su propia voluntad aunque de ninguna manera como siendo el autor o aquel quien aprueba el pecado o destruye la responsabilidad de las criaturas inteligentes y todo lo hace para la alabanza de la gloria de su sabidur\u00eda, poder, justicia, bondad y misericordia.<br \/>\nMateo 10:29,30; Salmo 115:3; Isa\u00edas 14:27; 46:9-10; Daniel 4:35<\/p>\n<h3>LA ELECCI\u00d3N.<\/h3>\n<p>Creemos que la elecci\u00f3n es la selecci\u00f3n eterna de Dios, de algunas personas para vida eterna, no por alg\u00fan m\u00e9rito previsto en ellos, sino solamente por Su misericordia que mostr\u00f3 en Cristo. Como consecuencia de esta selecci\u00f3n los elegidos son llamados, justificados, santificados y glorificados.<br \/>\nEfesios 1:3-5; 2 Tesalonicenses 2:13; Hechos 13:48; Juan 6:44, 37; Romanos 8:28-30<\/p>\n<h3>LA CA\u00cdDA DEL HOMBRE.<\/h3>\n<p>Creemos que originalmente Dios cre\u00f3 al hombre a su propia imagen y libre del pecado; pero por medio de la tentaci\u00f3n de Satan\u00e1s, el hombre decidi\u00f3 transgredir los mandamientos de Dios, y cay\u00f3 de su santidad y justicia originales; por lo cual su posteridad (sus descendientes) heredaron una naturaleza corrupta y totalmente opuesta a Dios y a su ley, y est\u00e1n bajo condenaci\u00f3n y tan pronto como son capaces de actuar moralmente, llegan a ser verdaderos transgresores.<br \/>\nG\u00e9nesis 3:13; Romanos 3:23; Eclesiast\u00e9s 7:20<\/p>\n<h3>EL MEDIADOR.<\/h3>\n<p>Creemos que Jesucristo, el \u00fanico Hijo de Dios, es el divinamente escogido mediador entre Dios y el hombre. Habiendo tomado sobre \u00c9l mismo una naturaleza humana, pero sin pecado, \u00c9l cumpli\u00f3 perfectamente toda la ley; sufri\u00f3 y muri\u00f3 en la cruz por la salvaci\u00f3n de los pecadores. Fue sepultado, resucit\u00f3 al tercer d\u00eda y ascendi\u00f3 a la diestra de Su Padre donde vive para siempre para interceder por Su pueblo. \u00c9l es el \u00fanico Mediador entre Dios y los hombres, Profeta, Sumo Sacerdote, Cabeza de la iglesia, Juez y Soberano del Universo.<br \/>\nIsa\u00edas 53:5-6; Hechos 3:22; 10:42; 1 Timoteo 2:5; Efesios 5:23; Hebreos 4:14; 1 Pedro 3:18; 1 Juan 2:1-2; Apocalipsis 19:16<\/p>\n<h3>REGENERACI\u00d3N.<\/h3>\n<p>Creemos que la regeneraci\u00f3n es un cambio de coraz\u00f3n, forjado por el Esp\u00edritu Santo, que hace vivir a aquellos que est\u00e1n muertos en sus transgresiones y pecados, iluminando sus mentes espiritualmente y salv\u00edficamente para entender la Palabra de Dios, y renovando totalmente su naturaleza para que ellos amen y practiquen la santidad. Es un trabajo \u00fanico de la gracia especial y gratuita de Dios.<br \/>\nEzequiel 11:19; Juan 3:3; 2 Corintios 4:6; 5:17; Tito 3:5<\/p>\n<h3>ARREPENTIMIENTO.<\/h3>\n<p>Creemos que el arrepentimiento es una gracia divina, la cual el Esp\u00edritu Santo otorga a una persona haci\u00e9ndola consciente de la multiplicidad de la maldad de su pecado, para que se humille con tristeza seg\u00fan Dios, detestando el pecado, con el prop\u00f3sito y esfuerzo de caminar delante Dios a fin de complacerlo a \u00c9l en todas las cosas.<br \/>\n2 Corintios 7:10-11; Marcos 1:14-15; Juan 16:8; Hechos 5:31; 11:18; 20:21; 2 Timoteo 2:24-26<\/p>\n<h3>FE.<\/h3>\n<p>Creemos que la fe salvadora es la creencia en la autoridad de Dios, de todo lo que es revelado en Su Palabra; aceptando y descansando s\u00f3lo en \u00c9l para justificaci\u00f3n y vida eterna. Es forjada en el coraz\u00f3n por el Esp\u00edritu Santo y la Palabra de Dios, es acompa\u00f1ada por todas las otras gracias salvadoras y conduce a una vida de santidad.<br \/>\nRomanos 1:16-17; Efesios 2:8-9; Romanos 10:17; Colosenses 1:23; 2 Tesalonicenses 2:13; Hebreos 10:22, 38-39; 11:1<\/p>\n<h3>JUSTIFICACI\u00d3N.<\/h3>\n<p>Creemos que la justificaci\u00f3n es parte de la gracia de Dios y la plena absoluci\u00f3n de los pecadores que creen en Cristo, de todo pecado y a trav\u00e9s de la satisfacci\u00f3n de la justicia de Dios que Cristo ya ha efectuado. Es dada no porque lo merezca el ser humano, sino por la propiciaci\u00f3n y obediencia de Cristo para aquellos que creen y descansan en \u00c9l y en Su justicia por la fe.<br \/>\nRomanos 3:21-24; 5:1, 18-19; 8:30; 2 Corintios 5:21; Filipenses 3:9<\/p>\n<h3>SANTIFICACI\u00d3N.<\/h3>\n<p>Creemos que aquellos que han sido regenerados y justificados tambi\u00e9n son santificados por la Palabra de Dios y el Esp\u00edritu que mora en ellos. Esta santificaci\u00f3n es progresiva a trav\u00e9s de la provisi\u00f3n de fuerza divina, que todos los santos, es decir, creyentes, buscan obtener, esforz\u00e1ndose vehementemente hacia una vida celestial en cordial y voluntaria obediencia a todos los mandamientos de Dios escritos en Su palabra.<br \/>\nRomanos 6:5-6; 12:1-2; 1 Corintios 6:11; Efesios 4:24; 1 Tesalonicenses 4:3; 5:23: Hebreos 12:14; 1 Pedro 1:2, 14-16<\/p>\n<h3>PERSEVERANCIA DE LOS SANTOS.<\/h3>\n<p>Creemos que aquellos a quienes Dios ha aceptado en el Amado, nuestro Se\u00f1or Jesucristo y santificado por su Esp\u00edritu, nunca caen totalmente ni definitivamente del estado de gracia y sin duda perseveran hasta el final; y aunque pueden caer, ya sea por propia negligencia o por tentaci\u00f3n en alg\u00fan pecado, perjudicando as\u00ed su vida cristiana, contristando al Esp\u00edritu Santo y acarreando para s\u00ed mismos juicios temporales, ser\u00e1n renovados una vez m\u00e1s hacia el arrepentimiento, y ser\u00e1n guardados por el poder de Dios a trav\u00e9s de la fe para santificaci\u00f3n.<br \/>\nJerem\u00edas 32:40; Juan 6:39; 10:28-29; Romanos 8:29-35; 1 Corintios 1:8-9; Efesios 1:11-12; Filipenses 1:6; 1 Juan 2:19; Judas 24<\/p>\n<h3>LA IGLESIA.<\/h3>\n<p>Creemos que el Se\u00f1or Jes\u00fas es la Cabeza de la Iglesia, que se compone de todos sus verdaderos disc\u00edpulos, y que en \u00c9l se encuentra absolutamente todo el poder para su gobierno. Seg\u00fan su mandamiento, los cristianos deben asociarse en organismos particulares o iglesias, y a cada una de estas iglesias \u00c9l ha dado la autoridad necesaria para administrar el orden, la disciplina y el culto que \u00c9l ha designado. Los oficiales regulares de una iglesia son pastores u obispos o ancianos, y di\u00e1conos.<br \/>\nHechos 14:23; 16:5; 20:28; Efesios 1:22-23; 3:10, 21; 5:24; Filipenses 1:1; Colosenses 1:18; 1 Timoteo 3:15; Hebreos 10:24-25<\/p>\n<h3>LOS DONES DEL ESP\u00cdRITU SANTO.<\/h3>\n<p>Creemos que el Esp\u00edritu Santo se manifiesta en Su iglesia a trav\u00e9s de dones espirituales que \u00c9l otorga. El Esp\u00edritu Santo da a cada creyente uno o m\u00e1s dones conforme a Su propia voluntad. Adem\u00e1s del fruto del Esp\u00edritu, es por medio de estos dones como Dios mismo se manifiesta y trabaja en y a trav\u00e9s de Sus hijos para edificaci\u00f3n de Su iglesia y para Su propia gloria. Todos los dones espirituales est\u00e1n vigentes para la iglesia en la \u00e9poca actual y deben ejercerse conforme a los principios de orden, edificaci\u00f3n y amor que la Palabra de Dios establece.<br \/>\nHechos 2:1-21; 10:44-46; Romanos 12: 6-8; 1 Corintios 12:4-11, 27-31; 13:1-13; 14:1-33; 1 Pedro 4:10-11<\/p>\n<h3>BAUTISMO.<\/h3>\n<p>Creemos que el bautismo es una ordenanza del Se\u00f1or Jes\u00fas, obligatoria a todo creyente, a quien se le sumerge en el agua en el Nombre del Padre y del Hijo y del Esp\u00edritu Santo, como un signo de su comuni\u00f3n con la muerte y resurrecci\u00f3n de Cristo, de la remisi\u00f3n de los pecados y de darse a s\u00ed mismo a Dios para vivir y caminar en una nueva vida. Asimismo representa la identificaci\u00f3n del nuevo creyente con la iglesia.<br \/>\nMateo 28:19; Romanos 6:4-5; Colosenses 2:12; 1 Corintios 12:13; G\u00e1latas 3:27; Efesios 4:5<\/p>\n<h3>LA CENA DEL SE\u00d1OR.<\/h3>\n<p>Creemos que la Cena del Se\u00f1or es una ordenanza de Jesucristo para ser observada por Sus iglesias hasta el fin del mundo y que se celebra con pan y vino. En ning\u00fan sentido es un sacrificio, pero est\u00e1 dise\u00f1ado para conmemorar su muerte, para confirmar la fe de los cristianos, y ser un v\u00ednculo, compromiso, y renovaci\u00f3n de su comuni\u00f3n con \u00c9l, y de su compa\u00f1erismo con su iglesia.<br \/>\n1 Corintios 11:23-26<\/p>\n<h3>EL DIA DEL SE\u00d1OR.<\/h3>\n<p>Creemos que la Iglesia del Nuevo Testamento nos da el ejemplo de congregarse en el D\u00eda del Se\u00f1or (es decir, domingo) para la lectura y la ense\u00f1anza de la Palabra de Dios, el culto, la oraci\u00f3n, el servicio y el aliento mutuo, estimul\u00e1ndose unos a otros al amor y a las buenas obras. Es apropiado ver el D\u00eda del Se\u00f1or como una celebraci\u00f3n de la resurrecci\u00f3n de Cristo y la redenci\u00f3n de Su pueblo.<br \/>\nHebreos 10:24-25; Hechos 20:7; 1 Corintios 16:2<\/p>\n<h3>LA RESURRECCI\u00d3N.<\/h3>\n<p>Creemos que los cuerpos de los hombres despu\u00e9s de la muerte regresan al polvo y que sus esp\u00edritus regresan inmediatamente a Dios; los justos para descansar y disfrutar con \u00c9l, y los malvados, para ser reservados bajo oscuridad hasta el juicio. Los cuerpos de todos los muertos, justos e injustos, resucitar\u00e1n, los primeros para vida eterna y los \u00faltimos para perdici\u00f3n y condenaci\u00f3n.<br \/>\nG\u00e9nesis 3:19; Juan 5:28-29; Hechos 26:23; Romanos 6:5; 1 Corintios 15:21; Filipenses 3:21<\/p>\n<h3>EL JUICIO.<\/h3>\n<p>Creemos que Dios ha designado un d\u00eda, en que \u00c9l juzgar\u00e1 al mundo con justicia por Jesucristo.<br \/>\nEl prop\u00f3sito de Dios al establecer este d\u00eda es la manifestaci\u00f3n de la gloria de Su misericordia en la salvaci\u00f3n eterna de los elegidos y la manifestaci\u00f3n de Su justicia en la condenaci\u00f3n de los reprobados que son malvados y desobedientes. Entonces los justos entrar\u00e1n a la vida eterna y recibir\u00e1n la plenitud de gozo y descanso que vendr\u00e1 de la presencia del Se\u00f1or; pero los malvados que no conocen a Dios ni obedecen el Evangelio de Jesucristo, ser\u00e1n arrojados al tormento eterno y castigados con perdici\u00f3n perpetua, lejos de la presencia del Se\u00f1or y de la gloria de su poder.<br \/>\nMateo 25:31-46; Romanos 2:5-11; 14:12; 2 Tesalonicenses 1:7-10; Hebreos 9:27<\/p>\n<\/div>\n","protected":false},"excerpt":{"rendered":"<p>LAS ESCRITURAS. Creemos que las Santas Escrituras del Antiguo y Nuevo Testamentos son la Palabra de Dios y verbalmente inspirada, sin error en los manuscritos originales y son la \u00fanica regla suficiente, segura y con autoridad que nos gu\u00eda al conocimiento salvador, fe y obediencia. 2 Timoteo 3:16,17; 2 Pedro 1:20, 21; Mateo 5:18; Juan [&hellip;]<\/p>\n","protected":false},"author":1,"featured_media":783,"parent":18,"menu_order":0,"comment_status":"closed","ping_status":"closed","template":"","meta":[],"_links":{"self":[{"href":"https:\/\/www.ibgs.com.mx\/site\/wp-json\/wp\/v2\/pages\/35"}],"collection":[{"href":"https:\/\/www.ibgs.com.mx\/site\/wp-json\/wp\/v2\/pages"}],"about":[{"href":"https:\/\/www.ibgs.com.mx\/site\/wp-json\/wp\/v2\/types\/page"}],"author":[{"embeddable":true,"href":"https:\/\/www.ibgs.com.mx\/site\/wp-json\/wp\/v2\/users\/1"}],"replies":[{"embeddable":true,"href":"https:\/\/www.ibgs.com.mx\/site\/wp-json\/wp\/v2\/comments?post=35"}],"version-history":[{"count":6,"href":"https:\/\/www.ibgs.com.mx\/site\/wp-json\/wp\/v2\/pages\/35\/revisions"}],"predecessor-version":[{"id":1650,"href":"https:\/\/www.ibgs.com.mx\/site\/wp-json\/wp\/v2\/pages\/35\/revisions\/1650"}],"up":[{"embeddable":true,"href":"https:\/\/www.ibgs.com.mx\/site\/wp-json\/wp\/v2\/pages\/18"}],"wp:featuredmedia":[{"embeddable":true,"href":"https:\/\/www.ibgs.com.mx\/site\/wp-json\/wp\/v2\/media\/783"}],"wp:attachment":[{"href":"https:\/\/www.ibgs.com.mx\/site\/wp-json\/wp\/v2\/media?parent=35"}],"curies":[{"name":"wp","href":"https:\/\/api.w.org\/{rel}","templated":true}]}}